{"id":256,"date":"2022-06-26T05:05:00","date_gmt":"2022-06-26T08:05:00","guid":{"rendered":"http:\/\/localhost\/siteopea\/wp\/?page_id=256"},"modified":"2026-03-31T00:47:23","modified_gmt":"2026-03-31T03:47:23","slug":"home","status":"publish","type":"page","link":"https:\/\/opea.com.br\/pt\/","title":{"rendered":"Home"},"content":{"rendered":"\n<p>A Opea \u00e9 um hub de cr\u00e9dito que conecta empresas, estruturadores e investidores, oferecendo solu\u00e7\u00f5es escal\u00e1veis com tecnologia, inova\u00e7\u00e3o.<\/p>\n","protected":false},"excerpt":{"rendered":"<p>A Opea \u00e9 um hub de cr\u00e9dito que conecta empresas, estruturadores e investidores, oferecendo solu\u00e7\u00f5es escal\u00e1veis com tecnologia, inova\u00e7\u00e3o.<\/p>\n","protected":false},"author":1,"featured_media":0,"parent":0,"menu_order":0,"comment_status":"closed","ping_status":"closed","template":"","meta":{"_acf_changed":false,"footnotes":""},"class_list":["post-256","page","type-page","status-publish","hentry"],"acf":[],"yoast_head":"<!-- This site is optimized with the Yoast SEO plugin v27.5 - https:\/\/yoast.com\/product\/yoast-seo-wordpress\/ -->\n<title>Home - Opea<\/title>\n<meta name=\"description\" content=\"A Opea \u00e9 um hub de cr\u00e9dito que conecta empresas, estruturadores e investidores, oferecendo solu\u00e7\u00f5es escal\u00e1veis com tecnologia, inova\u00e7\u00e3o.\" \/>\n<meta name=\"robots\" content=\"index, follow, max-snippet:-1, max-image-preview:large, max-video-preview:-1\" \/>\n<link rel=\"canonical\" href=\"https:\/\/opea.com.br\/pt\/\" \/>\n<meta property=\"og:locale\" content=\"pt_BR\" \/>\n<meta property=\"og:type\" content=\"article\" \/>\n<meta property=\"og:title\" content=\"Home - Opea\" \/>\n<meta property=\"og:description\" content=\"A Opea \u00e9 um hub de cr\u00e9dito que conecta empresas, estruturadores e investidores, oferecendo solu\u00e7\u00f5es escal\u00e1veis com tecnologia, inova\u00e7\u00e3o.\" \/>\n<meta property=\"og:url\" content=\"https:\/\/opea.com.br\/pt\/\" \/>\n<meta property=\"og:site_name\" content=\"Opea\" \/>\n<meta property=\"article:modified_time\" content=\"2026-03-31T03:47:23+00:00\" \/>\n<meta property=\"og:image\" content=\"https:\/\/opea.com.br\/wp-content\/uploads\/2025\/06\/Captura-de-tela-2025-06-17-172743.png\" \/>\n\t<meta property=\"og:image:width\" content=\"1421\" \/>\n\t<meta property=\"og:image:height\" content=\"932\" \/>\n\t<meta property=\"og:image:type\" content=\"image\/png\" \/>\n<meta name=\"twitter:card\" content=\"summary_large_image\" \/>\n<meta name=\"twitter:label1\" content=\"Est. tempo de leitura\" \/>\n\t<meta name=\"twitter:data1\" content=\"1 minuto\" \/>\n<script type=\"application\/ld+json\" class=\"yoast-schema-graph\">{\"@context\":\"https:\\\/\\\/schema.org\",\"@graph\":[{\"@type\":\"WebPage\",\"@id\":\"https:\\\/\\\/opea.com.br\\\/\",\"url\":\"https:\\\/\\\/opea.com.br\\\/\",\"name\":\"Home - Opea\",\"isPartOf\":{\"@id\":\"https:\\\/\\\/opea.com.br\\\/pt\\\/#website\"},\"datePublished\":\"2022-06-26T08:05:00+00:00\",\"dateModified\":\"2026-03-31T03:47:23+00:00\",\"description\":\"A Opea \u00e9 um hub de cr\u00e9dito que conecta empresas, estruturadores e investidores, oferecendo solu\u00e7\u00f5es escal\u00e1veis com tecnologia, inova\u00e7\u00e3o.\",\"breadcrumb\":{\"@id\":\"https:\\\/\\\/opea.com.br\\\/#breadcrumb\"},\"inLanguage\":\"pt-BR\",\"potentialAction\":[{\"@type\":\"ReadAction\",\"target\":[\"https:\\\/\\\/opea.com.br\\\/\"]}]},{\"@type\":\"BreadcrumbList\",\"@id\":\"https:\\\/\\\/opea.com.br\\\/#breadcrumb\",\"itemListElement\":[{\"@type\":\"ListItem\",\"position\":1,\"name\":\"In\u00edcio\",\"item\":\"https:\\\/\\\/opea.com.br\\\/\"},{\"@type\":\"ListItem\",\"position\":2,\"name\":\"Home\"}]},{\"@type\":\"WebSite\",\"@id\":\"https:\\\/\\\/opea.com.br\\\/pt\\\/#website\",\"url\":\"https:\\\/\\\/opea.com.br\\\/pt\\\/\",\"name\":\"Opea\",\"description\":\"Securitizadora\",\"publisher\":{\"@id\":\"https:\\\/\\\/opea.com.br\\\/pt\\\/#organization\"},\"alternateName\":\"Opea Holding\",\"potentialAction\":[{\"@type\":\"SearchAction\",\"target\":{\"@type\":\"EntryPoint\",\"urlTemplate\":\"https:\\\/\\\/opea.com.br\\\/pt\\\/?s={search_term_string}\"},\"query-input\":{\"@type\":\"PropertyValueSpecification\",\"valueRequired\":true,\"valueName\":\"search_term_string\"}}],\"inLanguage\":\"pt-BR\"},{\"@type\":\"Organization\",\"@id\":\"https:\\\/\\\/opea.com.br\\\/pt\\\/#organization\",\"name\":\"Opea Holding\",\"url\":\"https:\\\/\\\/opea.com.br\\\/pt\\\/\",\"logo\":{\"@type\":\"ImageObject\",\"inLanguage\":\"pt-BR\",\"@id\":\"https:\\\/\\\/opea.com.br\\\/pt\\\/#\\\/schema\\\/logo\\\/image\\\/\",\"url\":\"https:\\\/\\\/opea.com.br\\\/wp-content\\\/uploads\\\/2025\\\/05\\\/cropped-logo.png\",\"contentUrl\":\"https:\\\/\\\/opea.com.br\\\/wp-content\\\/uploads\\\/2025\\\/05\\\/cropped-logo.png\",\"width\":27,\"height\":27,\"caption\":\"Opea Holding\"},\"image\":{\"@id\":\"https:\\\/\\\/opea.com.br\\\/pt\\\/#\\\/schema\\\/logo\\\/image\\\/\"},\"sameAs\":[\"https:\\\/\\\/br.linkedin.com\\\/company\\\/opeacapital\",\"https:\\\/\\\/www.instagram.com\\\/opeacapital\\\/\"]}]}<\/script>\n<!-- \/ Yoast SEO plugin. -->","yoast_head_json":{"title":"Home - Opea","description":"A Opea \u00e9 um hub de cr\u00e9dito que conecta empresas, estruturadores e investidores, oferecendo solu\u00e7\u00f5es escal\u00e1veis com tecnologia, inova\u00e7\u00e3o.","robots":{"index":"index","follow":"follow","max-snippet":"max-snippet:-1","max-image-preview":"max-image-preview:large","max-video-preview":"max-video-preview:-1"},"canonical":"https:\/\/opea.com.br\/pt\/","og_locale":"pt_BR","og_type":"article","og_title":"Home - Opea","og_description":"A Opea \u00e9 um hub de cr\u00e9dito que conecta empresas, estruturadores e investidores, oferecendo solu\u00e7\u00f5es escal\u00e1veis com tecnologia, inova\u00e7\u00e3o.","og_url":"https:\/\/opea.com.br\/pt\/","og_site_name":"Opea","article_modified_time":"2026-03-31T03:47:23+00:00","og_image":[{"width":1421,"height":932,"url":"https:\/\/opea.com.br\/wp-content\/uploads\/2025\/06\/Captura-de-tela-2025-06-17-172743.png","type":"image\/png"}],"twitter_card":"summary_large_image","twitter_misc":{"Est. tempo de leitura":"1 minuto"},"schema":{"@context":"https:\/\/schema.org","@graph":[{"@type":"WebPage","@id":"https:\/\/opea.com.br\/","url":"https:\/\/opea.com.br\/","name":"Home - Opea","isPartOf":{"@id":"https:\/\/opea.com.br\/pt\/#website"},"datePublished":"2022-06-26T08:05:00+00:00","dateModified":"2026-03-31T03:47:23+00:00","description":"A Opea \u00e9 um hub de cr\u00e9dito que conecta empresas, estruturadores e investidores, oferecendo solu\u00e7\u00f5es escal\u00e1veis com tecnologia, inova\u00e7\u00e3o.","breadcrumb":{"@id":"https:\/\/opea.com.br\/#breadcrumb"},"inLanguage":"pt-BR","potentialAction":[{"@type":"ReadAction","target":["https:\/\/opea.com.br\/"]}]},{"@type":"BreadcrumbList","@id":"https:\/\/opea.com.br\/#breadcrumb","itemListElement":[{"@type":"ListItem","position":1,"name":"In\u00edcio","item":"https:\/\/opea.com.br\/"},{"@type":"ListItem","position":2,"name":"Home"}]},{"@type":"WebSite","@id":"https:\/\/opea.com.br\/pt\/#website","url":"https:\/\/opea.com.br\/pt\/","name":"Opea","description":"Securitizadora","publisher":{"@id":"https:\/\/opea.com.br\/pt\/#organization"},"alternateName":"Opea Holding","potentialAction":[{"@type":"SearchAction","target":{"@type":"EntryPoint","urlTemplate":"https:\/\/opea.com.br\/pt\/?s={search_term_string}"},"query-input":{"@type":"PropertyValueSpecification","valueRequired":true,"valueName":"search_term_string"}}],"inLanguage":"pt-BR"},{"@type":"Organization","@id":"https:\/\/opea.com.br\/pt\/#organization","name":"Opea Holding","url":"https:\/\/opea.com.br\/pt\/","logo":{"@type":"ImageObject","inLanguage":"pt-BR","@id":"https:\/\/opea.com.br\/pt\/#\/schema\/logo\/image\/","url":"https:\/\/opea.com.br\/wp-content\/uploads\/2025\/05\/cropped-logo.png","contentUrl":"https:\/\/opea.com.br\/wp-content\/uploads\/2025\/05\/cropped-logo.png","width":27,"height":27,"caption":"Opea Holding"},"image":{"@id":"https:\/\/opea.com.br\/pt\/#\/schema\/logo\/image\/"},"sameAs":["https:\/\/br.linkedin.com\/company\/opeacapital","https:\/\/www.instagram.com\/opeacapital\/"]}]}},"_links":{"self":[{"href":"https:\/\/opea.com.br\/pt\/wp-json\/wp\/v2\/pages\/256","targetHints":{"allow":["GET"]}}],"collection":[{"href":"https:\/\/opea.com.br\/pt\/wp-json\/wp\/v2\/pages"}],"about":[{"href":"https:\/\/opea.com.br\/pt\/wp-json\/wp\/v2\/types\/page"}],"author":[{"embeddable":true,"href":"https:\/\/opea.com.br\/pt\/wp-json\/wp\/v2\/users\/1"}],"replies":[{"embeddable":true,"href":"https:\/\/opea.com.br\/pt\/wp-json\/wp\/v2\/comments?post=256"}],"version-history":[{"count":2,"href":"https:\/\/opea.com.br\/pt\/wp-json\/wp\/v2\/pages\/256\/revisions"}],"predecessor-version":[{"id":1382,"href":"https:\/\/opea.com.br\/pt\/wp-json\/wp\/v2\/pages\/256\/revisions\/1382"}],"wp:attachment":[{"href":"https:\/\/opea.com.br\/pt\/wp-json\/wp\/v2\/media?parent=256"}],"curies":[{"name":"wp","href":"https:\/\/api.w.org\/{rel}","templated":true}]}}